{"id":2954,"date":"2026-01-21T15:26:34","date_gmt":"2026-01-21T14:26:34","guid":{"rendered":"https:\/\/doodoo.cz\/product\/mix-and-match-adult-soother-with-mam-label\/"},"modified":"2026-03-19T06:59:05","modified_gmt":"2026-03-19T05:59:05","slug":"mix-and-match-adult-soother-with-mam-label","status":"publish","type":"product","link":"https:\/\/doodoo.cz\/en\/product\/mix-and-match-adult-soother-with-mam-label\/","title":{"rendered":"Mix and match &#8211; adult pacifier with MAM shield"},"content":{"rendered":"<p>Cute adult pacifier with high quality shields from MAM. Choose from a large selection of silicone and latex teats. <\/p>\n","protected":false},"excerpt":{"rendered":"<p>Build your own pacifier&#8230;<\/p>\n","protected":false},"featured_media":2955,"comment_status":"open","ping_status":"closed","template":"","meta":{"_uag_custom_page_level_css":"","site-sidebar-layout":"default","site-content-layout":"","ast-site-content-layout":"default","site-content-style":"default","site-sidebar-style":"default","ast-global-header-display":"","ast-banner-title-visibility":"","ast-main-header-display":"","ast-hfb-above-header-display":"","ast-hfb-below-header-display":"","ast-hfb-mobile-header-display":"","site-post-title":"","ast-breadcrumbs-content":"","ast-featured-img":"","footer-sml-layout":"","theme-transparent-header-meta":"default","adv-header-id-meta":"","stick-header-meta":"","header-above-stick-meta":"","header-main-stick-meta":"","header-below-stick-meta":"","astra-migrate-meta-layouts":"default","ast-page-background-enabled":"default","ast-page-background-meta":{"desktop":{"background-color":"var(--ast-global-color-5)","background-image":"","background-repeat":"repeat","background-position":"center center","background-size":"auto","background-attachment":"scroll","background-type":"","background-media":"","overlay-type":"","overlay-color":"","overlay-opacity":"","overlay-gradient":""},"tablet":{"background-color":"","background-image":"","background-repeat":"repeat","background-position":"center center","background-size":"auto","background-attachment":"scroll","background-type":"","background-media":"","overlay-type":"","overlay-color":"","overlay-opacity":"","overlay-gradient":""},"mobile":{"background-color":"","background-image":"","background-repeat":"repeat","background-position":"center center","background-size":"auto","background-attachment":"scroll","background-type":"","background-media":"","overlay-type":"","overlay-color":"","overlay-opacity":"","overlay-gradient":""}},"ast-content-background-meta":{"desktop":{"background-color":"var(--ast-global-color-4)","background-image":"","background-repeat":"repeat","background-position":"center center","background-size":"auto","background-attachment":"scroll","background-type":"","background-media":"","overlay-type":"","overlay-color":"","overlay-opacity":"","overlay-gradient":""},"tablet":{"background-color":"var(--ast-global-color-4)","background-image":"","background-repeat":"repeat","background-position":"center center","background-size":"auto","background-attachment":"scroll","background-type":"","background-media":"","overlay-type":"","overlay-color":"","overlay-opacity":"","overlay-gradient":""},"mobile":{"background-color":"var(--ast-global-color-4)","background-image":"","background-repeat":"repeat","background-position":"center center","background-size":"auto","background-attachment":"scroll","background-type":"","background-media":"","overlay-type":"","overlay-color":"","overlay-opacity":"","overlay-gradient":""}}},"product_brand":[],"product_cat":[122,128,125,123],"product_tag":[196,200,195,194,189],"class_list":{"0":"post-2954","1":"product","2":"type-product","3":"status-publish","4":"has-post-thumbnail","6":"product_cat-latex-pacifiers","7":"product_cat-medium-pacifiers","8":"product_cat-mix-and-match","9":"product_cat-silicone-pacifiers","10":"product_tag-mam","11":"product_tag-medium-pacifier-2","12":"product_tag-mix-and-match","13":"product_tag-nuk","14":"product_tag-pacifier","15":"desktop-align-center","16":"tablet-align-left","17":"mobile-align-left","19":"first","20":"instock","21":"featured","22":"taxable","23":"shipping-taxable","24":"purchasable","25":"product-type-variable"},"yoast_head":"<!-- This site is optimized with the Yoast SEO plugin v27.5 - https:\/\/yoast.com\/product\/yoast-seo-wordpress\/ -->\n<title>Mix and match - adult pacifier with MAM shield<\/title>\n<meta name=\"description\" content=\"Cute adult pacifier with MAM shield. Choice of a wide range of latex and silicone teats. Build your own favourite pacifier!\" \/>\n<meta name=\"robots\" content=\"index, follow, max-snippet:-1, max-image-preview:large, max-video-preview:-1\" \/>\n<link rel=\"canonical\" href=\"https:\/\/doodoo.cz\/en\/product\/mix-and-match-adult-soother-with-mam-label\/\" \/>\n<meta property=\"og:locale\" content=\"en_US\" \/>\n<meta property=\"og:type\" content=\"article\" \/>\n<meta property=\"og:title\" content=\"Mix and match - adult pacifier with MAM shield\" \/>\n<meta property=\"og:description\" content=\"Cute adult pacifier with MAM shield. Choice of a wide range of latex and silicone teats. Build your own favourite pacifier!\" \/>\n<meta property=\"og:url\" content=\"https:\/\/doodoo.cz\/en\/product\/mix-and-match-adult-soother-with-mam-label\/\" \/>\n<meta property=\"og:site_name\" content=\"pacifier shop &amp; blog\" \/>\n<meta property=\"article:modified_time\" content=\"2026-03-19T05:59:05+00:00\" \/>\n<meta property=\"og:image\" content=\"https:\/\/doodoo.cz\/wp-content\/uploads\/2026\/01\/adult-pacifier-mix-and-match-mam-teddy-space.webp\" \/>\n\t<meta property=\"og:image:width\" content=\"2048\" \/>\n\t<meta property=\"og:image:height\" content=\"2048\" \/>\n\t<meta property=\"og:image:type\" content=\"image\/webp\" \/>\n<meta name=\"twitter:card\" content=\"summary_large_image\" \/>\n<script type=\"application\/ld+json\" class=\"yoast-schema-graph\">{\"@context\":\"https:\\\/\\\/schema.org\",\"@graph\":[{\"@type\":\"WebPage\",\"@id\":\"https:\\\/\\\/doodoo.cz\\\/en\\\/product\\\/mix-and-match-adult-soother-with-mam-label\\\/\",\"url\":\"https:\\\/\\\/doodoo.cz\\\/en\\\/product\\\/mix-and-match-adult-soother-with-mam-label\\\/\",\"name\":\"Mix and match - adult pacifier with MAM shield\",\"isPartOf\":{\"@id\":\"https:\\\/\\\/doodoo.cz\\\/en\\\/#website\"},\"primaryImageOfPage\":{\"@id\":\"https:\\\/\\\/doodoo.cz\\\/en\\\/product\\\/mix-and-match-adult-soother-with-mam-label\\\/#primaryimage\"},\"image\":{\"@id\":\"https:\\\/\\\/doodoo.cz\\\/en\\\/product\\\/mix-and-match-adult-soother-with-mam-label\\\/#primaryimage\"},\"thumbnailUrl\":\"https:\\\/\\\/doodoo.cz\\\/wp-content\\\/uploads\\\/2026\\\/01\\\/adult-pacifier-mix-and-match-mam-teddy-space.webp\",\"datePublished\":\"2026-01-21T14:26:34+00:00\",\"dateModified\":\"2026-03-19T05:59:05+00:00\",\"description\":\"Cute adult pacifier with MAM shield. Choice of a wide range of latex and silicone teats. Build your own favourite pacifier!\",\"breadcrumb\":{\"@id\":\"https:\\\/\\\/doodoo.cz\\\/en\\\/product\\\/mix-and-match-adult-soother-with-mam-label\\\/#breadcrumb\"},\"inLanguage\":\"en-US\",\"potentialAction\":[{\"@type\":\"ReadAction\",\"target\":[\"https:\\\/\\\/doodoo.cz\\\/en\\\/product\\\/mix-and-match-adult-soother-with-mam-label\\\/\"]}]},{\"@type\":\"ImageObject\",\"inLanguage\":\"en-US\",\"@id\":\"https:\\\/\\\/doodoo.cz\\\/en\\\/product\\\/mix-and-match-adult-soother-with-mam-label\\\/#primaryimage\",\"url\":\"https:\\\/\\\/doodoo.cz\\\/wp-content\\\/uploads\\\/2026\\\/01\\\/adult-pacifier-mix-and-match-mam-teddy-space.webp\",\"contentUrl\":\"https:\\\/\\\/doodoo.cz\\\/wp-content\\\/uploads\\\/2026\\\/01\\\/adult-pacifier-mix-and-match-mam-teddy-space.webp\",\"width\":2048,\"height\":2048,\"caption\":\"Dudl\u00edk pro dosp\u011bl\u00e9 se \u0161t\u00edtkem MAM\"},{\"@type\":\"BreadcrumbList\",\"@id\":\"https:\\\/\\\/doodoo.cz\\\/en\\\/product\\\/mix-and-match-adult-soother-with-mam-label\\\/#breadcrumb\",\"itemListElement\":[{\"@type\":\"ListItem\",\"position\":1,\"name\":\"Dom\u016f\",\"item\":\"https:\\\/\\\/doodoo.cz\\\/en\\\/\"},{\"@type\":\"ListItem\",\"position\":2,\"name\":\"Shop\",\"item\":\"https:\\\/\\\/doodoo.cz\\\/en\\\/shop\\\/\"},{\"@type\":\"ListItem\",\"position\":3,\"name\":\"Mix and match &#8211; adult pacifier with MAM shield\"}]},{\"@type\":\"WebSite\",\"@id\":\"https:\\\/\\\/doodoo.cz\\\/en\\\/#website\",\"url\":\"https:\\\/\\\/doodoo.cz\\\/en\\\/\",\"name\":\"pacifier shop &amp; blog\",\"description\":\"comforting our customers\",\"publisher\":{\"@id\":\"https:\\\/\\\/doodoo.cz\\\/en\\\/#organization\"},\"potentialAction\":[{\"@type\":\"SearchAction\",\"target\":{\"@type\":\"EntryPoint\",\"urlTemplate\":\"https:\\\/\\\/doodoo.cz\\\/en\\\/?s={search_term_string}\"},\"query-input\":{\"@type\":\"PropertyValueSpecification\",\"valueRequired\":true,\"valueName\":\"search_term_string\"}}],\"inLanguage\":\"en-US\"},{\"@type\":\"Organization\",\"@id\":\"https:\\\/\\\/doodoo.cz\\\/en\\\/#organization\",\"name\":\"pacifier shop &amp; blog\",\"url\":\"https:\\\/\\\/doodoo.cz\\\/en\\\/\",\"logo\":{\"@type\":\"ImageObject\",\"inLanguage\":\"en-US\",\"@id\":\"https:\\\/\\\/doodoo.cz\\\/en\\\/#\\\/schema\\\/logo\\\/image\\\/\",\"url\":\"https:\\\/\\\/doodoo.cz\\\/wp-content\\\/uploads\\\/2025\\\/08\\\/icon-3-3.png\",\"contentUrl\":\"https:\\\/\\\/doodoo.cz\\\/wp-content\\\/uploads\\\/2025\\\/08\\\/icon-3-3.png\",\"width\":512,\"height\":512,\"caption\":\"pacifier shop &amp; blog\"},\"image\":{\"@id\":\"https:\\\/\\\/doodoo.cz\\\/en\\\/#\\\/schema\\\/logo\\\/image\\\/\"}}]}<\/script>\n<!-- \/ Yoast SEO plugin. -->","yoast_head_json":{"title":"Mix and match - adult pacifier with MAM shield","description":"Cute adult pacifier with MAM shield. Choice of a wide range of latex and silicone teats. Build your own favourite pacifier!","robots":{"index":"index","follow":"follow","max-snippet":"max-snippet:-1","max-image-preview":"max-image-preview:large","max-video-preview":"max-video-preview:-1"},"canonical":"https:\/\/doodoo.cz\/en\/product\/mix-and-match-adult-soother-with-mam-label\/","og_locale":"en_US","og_type":"article","og_title":"Mix and match - adult pacifier with MAM shield","og_description":"Cute adult pacifier with MAM shield. Choice of a wide range of latex and silicone teats. Build your own favourite pacifier!","og_url":"https:\/\/doodoo.cz\/en\/product\/mix-and-match-adult-soother-with-mam-label\/","og_site_name":"pacifier shop &amp; blog","article_modified_time":"2026-03-19T05:59:05+00:00","og_image":[{"width":2048,"height":2048,"url":"https:\/\/doodoo.cz\/wp-content\/uploads\/2026\/01\/adult-pacifier-mix-and-match-mam-teddy-space.webp","type":"image\/webp"}],"twitter_card":"summary_large_image","schema":{"@context":"https:\/\/schema.org","@graph":[{"@type":"WebPage","@id":"https:\/\/doodoo.cz\/en\/product\/mix-and-match-adult-soother-with-mam-label\/","url":"https:\/\/doodoo.cz\/en\/product\/mix-and-match-adult-soother-with-mam-label\/","name":"Mix and match - adult pacifier with MAM shield","isPartOf":{"@id":"https:\/\/doodoo.cz\/en\/#website"},"primaryImageOfPage":{"@id":"https:\/\/doodoo.cz\/en\/product\/mix-and-match-adult-soother-with-mam-label\/#primaryimage"},"image":{"@id":"https:\/\/doodoo.cz\/en\/product\/mix-and-match-adult-soother-with-mam-label\/#primaryimage"},"thumbnailUrl":"https:\/\/doodoo.cz\/wp-content\/uploads\/2026\/01\/adult-pacifier-mix-and-match-mam-teddy-space.webp","datePublished":"2026-01-21T14:26:34+00:00","dateModified":"2026-03-19T05:59:05+00:00","description":"Cute adult pacifier with MAM shield. Choice of a wide range of latex and silicone teats. Build your own favourite pacifier!","breadcrumb":{"@id":"https:\/\/doodoo.cz\/en\/product\/mix-and-match-adult-soother-with-mam-label\/#breadcrumb"},"inLanguage":"en-US","potentialAction":[{"@type":"ReadAction","target":["https:\/\/doodoo.cz\/en\/product\/mix-and-match-adult-soother-with-mam-label\/"]}]},{"@type":"ImageObject","inLanguage":"en-US","@id":"https:\/\/doodoo.cz\/en\/product\/mix-and-match-adult-soother-with-mam-label\/#primaryimage","url":"https:\/\/doodoo.cz\/wp-content\/uploads\/2026\/01\/adult-pacifier-mix-and-match-mam-teddy-space.webp","contentUrl":"https:\/\/doodoo.cz\/wp-content\/uploads\/2026\/01\/adult-pacifier-mix-and-match-mam-teddy-space.webp","width":2048,"height":2048,"caption":"Dudl\u00edk pro dosp\u011bl\u00e9 se \u0161t\u00edtkem MAM"},{"@type":"BreadcrumbList","@id":"https:\/\/doodoo.cz\/en\/product\/mix-and-match-adult-soother-with-mam-label\/#breadcrumb","itemListElement":[{"@type":"ListItem","position":1,"name":"Dom\u016f","item":"https:\/\/doodoo.cz\/en\/"},{"@type":"ListItem","position":2,"name":"Shop","item":"https:\/\/doodoo.cz\/en\/shop\/"},{"@type":"ListItem","position":3,"name":"Mix and match &#8211; adult pacifier with MAM shield"}]},{"@type":"WebSite","@id":"https:\/\/doodoo.cz\/en\/#website","url":"https:\/\/doodoo.cz\/en\/","name":"pacifier shop &amp; blog","description":"comforting our customers","publisher":{"@id":"https:\/\/doodoo.cz\/en\/#organization"},"potentialAction":[{"@type":"SearchAction","target":{"@type":"EntryPoint","urlTemplate":"https:\/\/doodoo.cz\/en\/?s={search_term_string}"},"query-input":{"@type":"PropertyValueSpecification","valueRequired":true,"valueName":"search_term_string"}}],"inLanguage":"en-US"},{"@type":"Organization","@id":"https:\/\/doodoo.cz\/en\/#organization","name":"pacifier shop &amp; blog","url":"https:\/\/doodoo.cz\/en\/","logo":{"@type":"ImageObject","inLanguage":"en-US","@id":"https:\/\/doodoo.cz\/en\/#\/schema\/logo\/image\/","url":"https:\/\/doodoo.cz\/wp-content\/uploads\/2025\/08\/icon-3-3.png","contentUrl":"https:\/\/doodoo.cz\/wp-content\/uploads\/2025\/08\/icon-3-3.png","width":512,"height":512,"caption":"pacifier shop &amp; blog"},"image":{"@id":"https:\/\/doodoo.cz\/en\/#\/schema\/logo\/image\/"}}]}},"uagb_featured_image_src":{"full":["https:\/\/doodoo.cz\/wp-content\/uploads\/2026\/01\/adult-pacifier-mix-and-match-mam-teddy-space.webp",2048,2048,false],"thumbnail":["https:\/\/doodoo.cz\/wp-content\/uploads\/2026\/01\/adult-pacifier-mix-and-match-mam-teddy-space-150x150.webp",150,150,true],"medium":["https:\/\/doodoo.cz\/wp-content\/uploads\/2026\/01\/adult-pacifier-mix-and-match-mam-teddy-space-300x300.webp",300,300,true],"medium_large":["https:\/\/doodoo.cz\/wp-content\/uploads\/2026\/01\/adult-pacifier-mix-and-match-mam-teddy-space-768x768.webp",768,768,true],"large":["https:\/\/doodoo.cz\/wp-content\/uploads\/2026\/01\/adult-pacifier-mix-and-match-mam-teddy-space-1024x1024.webp",1024,1024,true],"1536x1536":["https:\/\/doodoo.cz\/wp-content\/uploads\/2026\/01\/adult-pacifier-mix-and-match-mam-teddy-space-1536x1536.webp",1536,1536,true],"2048x2048":["https:\/\/doodoo.cz\/wp-content\/uploads\/2026\/01\/adult-pacifier-mix-and-match-mam-teddy-space.webp",2048,2048,false],"woocommerce_thumbnail":["https:\/\/doodoo.cz\/wp-content\/uploads\/2026\/01\/adult-pacifier-mix-and-match-mam-teddy-space-300x300.webp",300,300,true],"woocommerce_single":["https:\/\/doodoo.cz\/wp-content\/uploads\/2026\/01\/adult-pacifier-mix-and-match-mam-teddy-space-600x600.webp",600,600,true],"woocommerce_gallery_thumbnail":["https:\/\/doodoo.cz\/wp-content\/uploads\/2026\/01\/adult-pacifier-mix-and-match-mam-teddy-space-100x100.webp",100,100,true]},"uagb_author_info":{"display_name":"Doodoo","author_link":"https:\/\/doodoo.cz\/en\/author\/"},"uagb_comment_info":0,"uagb_excerpt":"Build your own pacifier...","_links":{"self":[{"href":"https:\/\/doodoo.cz\/en\/wp-json\/wp\/v2\/product\/2954","targetHints":{"allow":["GET"]}}],"collection":[{"href":"https:\/\/doodoo.cz\/en\/wp-json\/wp\/v2\/product"}],"about":[{"href":"https:\/\/doodoo.cz\/en\/wp-json\/wp\/v2\/types\/product"}],"replies":[{"embeddable":true,"href":"https:\/\/doodoo.cz\/en\/wp-json\/wp\/v2\/comments?post=2954"}],"wp:featuredmedia":[{"embeddable":true,"href":"https:\/\/doodoo.cz\/en\/wp-json\/wp\/v2\/media\/2955"}],"wp:attachment":[{"href":"https:\/\/doodoo.cz\/en\/wp-json\/wp\/v2\/media?parent=2954"}],"wp:term":[{"taxonomy":"product_brand","embeddable":true,"href":"https:\/\/doodoo.cz\/en\/wp-json\/wp\/v2\/product_brand?post=2954"},{"taxonomy":"product_cat","embeddable":true,"href":"https:\/\/doodoo.cz\/en\/wp-json\/wp\/v2\/product_cat?post=2954"},{"taxonomy":"product_tag","embeddable":true,"href":"https:\/\/doodoo.cz\/en\/wp-json\/wp\/v2\/product_tag?post=2954"}],"curies":[{"name":"wp","href":"https:\/\/api.w.org\/{rel}","templated":true}]}}